{"id":287887,"date":"2023-05-08T09:08:25","date_gmt":"2023-05-08T07:08:25","guid":{"rendered":"https:\/\/nwtechnology.at\/?page_id=287887"},"modified":"2023-05-08T09:08:26","modified_gmt":"2023-05-08T07:08:26","slug":"impressum","status":"publish","type":"page","link":"https:\/\/nwtechnology.at\/en\/impressum\/","title":{"rendered":"Impressum"},"content":{"rendered":"<p>[et_pb_section fb_built=&#8220;1&#8243; admin_label=&#8220;About Us&#8220; _builder_version=&#8220;4.16&#8243; custom_padding=&#8220;54px|0px|0|0px|false|false&#8220; global_colors_info=&#8220;{}&#8220; theme_builder_area=&#8220;post_content&#8220;][et_pb_row column_structure=&#8220;2_3,1_3&#8243; _builder_version=&#8220;4.19.4&#8243; custom_margin=&#8220;6px|auto||auto||&#8220; custom_padding=&#8220;||94px|||&#8220; global_colors_info=&#8220;{}&#8220; theme_builder_area=&#8220;post_content&#8220;][et_pb_column type=&#8220;2_3&#8243; _builder_version=&#8220;4.16&#8243; custom_padding=&#8220;|||&#8220; global_colors_info=&#8220;{}&#8220; custom_padding__hover=&#8220;|||&#8220; theme_builder_area=&#8220;post_content&#8220;][et_pb_text _builder_version=&#8220;4.19.4&#8243; text_font=&#8220;||||||||&#8220; text_font_size=&#8220;15px&#8220; text_line_height=&#8220;2em&#8220; ul_font=&#8220;|700|||||||&#8220; ul_line_height=&#8220;2em&#8220; ol_font=&#8220;||||||||&#8220; header_font=&#8220;||||||||&#8220; header_2_font=&#8220;Maven Pro|600|||||||&#8220; header_2_font_size=&#8220;40px&#8220; header_2_line_height=&#8220;1.4em&#8220; header_3_font=&#8220;||||||||&#8220; header_4_font=&#8220;||||||||&#8220; header_5_font=&#8220;||||||||&#8220; header_6_font=&#8220;||||||||&#8220; header_2_font_size_tablet=&#8220;&#8220; header_2_font_size_phone=&#8220;32px&#8220; header_2_font_size_last_edited=&#8220;on|phone&#8220; global_colors_info=&#8220;{}&#8220; theme_builder_area=&#8220;post_content&#8220;]<\/p>\n<h2><span style=\"color: #7c7c7c;\">Impressum<\/span><\/h2>\n<p><span style=\"font-size: 15px;\">NWT OG<\/span><\/p>\n<div class=\"entry-content\" itemprop=\"text\">\n<p>\u00dcberfuhrstrasse 12<br \/>A-5026 Salzburg<\/p>\n<p>Telefon +43 664 137 0715\u00a0|\u00a0+43\u00a0664 133 5753<br \/>E-Mail:\u00a0<a href=\"mailto:office@nwtechnology.at\">office@nwtechnology.at<\/a><br \/>Internet:\u00a0<a href=\"http:\/\/www.nwtechnology.at\/\" target=\"_blank\" rel=\"noopener\">http:\/\/www.nwtechnology.at<\/a><\/p>\n<p>Firmenbuchgericht: Handelsgericht Salzburg<br \/>FN: 410998i<br \/>UID: ATU68524402<\/p>\n<p>Mitgliedschaften bei der Wirtschaftskammerorganisation:<br \/>Mitglied der Wirtschaftskammer, Fachgruppe Ingenieurb\u00fcros<\/p>\n<p>Gewerbeberechtigungen:<br \/>Ingenieub\u00fcro (beratende Ingenieure) f\u00fcr Kulturtechnik und Wasserwirtschaft gem\u00e4\u00df \u00a7 94 Z. 69 GewO 1994<br \/>Handelsgewerbe mit Ausnahme der regelementierten Handelsgewerbe<\/p>\n<p>Diese Website dient der Pr\u00e4sentation der Dienstleistungen der NWT OG und richtet sich an Kunden sowie an sonstige interessierte Personen.<\/p>\n<p><strong>Allgemeine Nutzungsbedingungen<\/strong><\/p>\n<ol>\n<li>Haftungsausschluss<\/li>\n<\/ol>\n<p>Obwohl die Seiten mit gr\u00f6\u00dfter Sorgfalt erstellt wurden, kann keine Gew\u00e4hr f\u00fcr die Richtigkeit, Vollst\u00e4ndigkeit und Aktualit\u00e4t der bereitgestellten Informationen \u00fcbernommen werden. Der Betreiber der Website bem\u00fcht sich darum, Fehler oder Irrt\u00fcmer zu berichtigen, wenn er Kenntnis davon erh\u00e4lt \u2013 danke f\u00fcr diesbez\u00fcgliche Hinweise. Es wird auch keine Gew\u00e4hr f\u00fcr die Verf\u00fcgbarkeit oder den Betrieb der gegenst\u00e4ndlichen Website und ihrer Inhalte \u00fcbernommen. Jede Haftung f\u00fcr unmittelbare, mittelbare oder sonstige Sch\u00e4den, unabh\u00e4ngig von deren Ursachen, die aus der Benutzung oder Nichtverf\u00fcgbarkeit der Website sowie der bereitgestellten Informationen auf dieser Website erwachsen, wird \u2013 soweit rechtlich zul\u00e4ssig \u2013 ausgeschlossen.<\/p>\n<ol start=\"2\">\n<li>Copyright<\/li>\n<\/ol>\n<p>Der Inhalt dieser Website ist urheberrechtlich gesch\u00fctzt. Die Informationen sind nur f\u00fcr die pers\u00f6nliche Verwendung bestimmt. Jede weitergehende Nutzung, insbesondere die Speicherung in Datenbanken, Vervielf\u00e4ltigung und jede Form von gewerblicher Nutzung sowie die Weitergabe an Dritte \u2013 auch in Teilen oder in \u00fcberarbeiteter Form, insbesondere von Fotos, Abbildungen und Texten \u2013 ohne Zustimmung des Betreibers der Website ist untersagt.<\/p>\n<ol start=\"3\">\n<li>Haftung f\u00fcr Links<\/li>\n<\/ol>\n<p>Diese Website kann Links zu externen Websites enthalten, jedoch hat der Betreiber der Website keinen Einfluss auf diese Zielseiten. Deshalb wird f\u00fcr diese fremden Inhalte auch keine Gew\u00e4hr \u00fcbernommen, daf\u00fcr ist stets der jeweilige Anbieter der Seiten verantwortlich.<\/p>\n<\/div>\n<p><span><\/span><\/p>\n<p>[\/et_pb_text][\/et_pb_column][et_pb_column type=&#8220;1_3&#8243; _builder_version=&#8220;4.19.4&#8243; custom_padding=&#8220;|||&#8220; global_colors_info=&#8220;{}&#8220; custom_padding__hover=&#8220;|||&#8220; theme_builder_area=&#8220;post_content&#8220;][et_pb_image src=&#8220;https:\/\/nwtechnology.at\/wp-content\/uploads\/2023\/01\/logo6.webp&#8220; title_text=&#8220;logo6&#8243; align=&#8220;center&#8220; _builder_version=&#8220;4.19.4&#8243; _module_preset=&#8220;default&#8220; width=&#8220;79%&#8220; custom_margin=&#8220;134px|||||&#8220; global_colors_info=&#8220;{}&#8220; theme_builder_area=&#8220;post_content&#8220;][\/et_pb_image][\/et_pb_column][\/et_pb_row][\/et_pb_section]<\/p>\n","protected":false},"excerpt":{"rendered":"<p>Impressum NWT OG \u00dcberfuhrstrasse 12A-5026 Salzburg Telefon +43 664 137 0715\u00a0|\u00a0+43\u00a0664 133 5753E-Mail:\u00a0office@nwtechnology.atInternet:\u00a0http:\/\/www.nwtechnology.at Firmenbuchgericht: Handelsgericht SalzburgFN: 410998iUID: ATU68524402 Mitgliedschaften bei der Wirtschaftskammerorganisation:Mitglied der Wirtschaftskammer, Fachgruppe Ingenieurb\u00fcros Gewerbeberechtigungen:Ingenieub\u00fcro (beratende Ingenieure) f\u00fcr Kulturtechnik und Wasserwirtschaft gem\u00e4\u00df \u00a7 94 Z. 69 GewO 1994Handelsgewerbe mit Ausnahme der regelementierten Handelsgewerbe Diese Website dient der Pr\u00e4sentation der Dienstleistungen der NWT OG [&hellip;]<\/p>\n","protected":false},"author":1,"featured_media":0,"parent":0,"menu_order":0,"comment_status":"closed","ping_status":"closed","template":"","meta":{"_et_pb_use_builder":"on","_et_pb_old_content":"","_et_gb_content_width":"","footnotes":""},"class_list":["post-287887","page","type-page","status-publish","hentry"],"_links":{"self":[{"href":"https:\/\/nwtechnology.at\/en\/wp-json\/wp\/v2\/pages\/287887","targetHints":{"allow":["GET"]}}],"collection":[{"href":"https:\/\/nwtechnology.at\/en\/wp-json\/wp\/v2\/pages"}],"about":[{"href":"https:\/\/nwtechnology.at\/en\/wp-json\/wp\/v2\/types\/page"}],"author":[{"embeddable":true,"href":"https:\/\/nwtechnology.at\/en\/wp-json\/wp\/v2\/users\/1"}],"replies":[{"embeddable":true,"href":"https:\/\/nwtechnology.at\/en\/wp-json\/wp\/v2\/comments?post=287887"}],"version-history":[{"count":2,"href":"https:\/\/nwtechnology.at\/en\/wp-json\/wp\/v2\/pages\/287887\/revisions"}],"predecessor-version":[{"id":287890,"href":"https:\/\/nwtechnology.at\/en\/wp-json\/wp\/v2\/pages\/287887\/revisions\/287890"}],"wp:attachment":[{"href":"https:\/\/nwtechnology.at\/en\/wp-json\/wp\/v2\/media?parent=287887"}],"curies":[{"name":"wp","href":"https:\/\/api.w.org\/{rel}","templated":true}]}}