{"id":582,"date":"2023-02-28T01:02:24","date_gmt":"2023-02-28T00:02:24","guid":{"rendered":"https:\/\/nwtechnology.at\/?page_id=582"},"modified":"2023-05-31T16:48:49","modified_gmt":"2023-05-31T14:48:49","slug":"ueber-uns","status":"publish","type":"page","link":"https:\/\/nwtechnology.at\/en\/ueber-uns\/","title":{"rendered":"our story"},"content":{"rendered":"\n[et_pb_section fb_built=&#8220;1&#8243; admin_label=&#8220;About Us&#8220; _builder_version=&#8220;4.16&#8243; custom_padding=&#8220;54px|0px|0|0px|false|false&#8220; global_colors_info=&#8220;{}&#8220;][et_pb_row column_structure=&#8220;2_3,1_3&#8243; _builder_version=&#8220;4.19.4&#8243; custom_margin=&#8220;6px|auto||auto||&#8220; custom_padding=&#8220;||94px|||&#8220; global_colors_info=&#8220;{}&#8220;][et_pb_column type=&#8220;2_3&#8243; _builder_version=&#8220;4.16&#8243; custom_padding=&#8220;|||&#8220; global_colors_info=&#8220;{}&#8220; custom_padding__hover=&#8220;|||&#8220;][et_pb_text _builder_version=&#8220;4.19.4&#8243; text_font=&#8220;||||||||&#8220; text_font_size=&#8220;15px&#8220; text_line_height=&#8220;2em&#8220; ul_font=&#8220;|700|||||||&#8220; ul_line_height=&#8220;2em&#8220; ol_font=&#8220;||||||||&#8220; header_font=&#8220;||||||||&#8220; header_2_font=&#8220;Maven Pro|600|||||||&#8220; header_2_font_size=&#8220;40px&#8220; header_2_line_height=&#8220;1.4em&#8220; header_3_font=&#8220;||||||||&#8220; header_4_font=&#8220;||||||||&#8220; header_5_font=&#8220;||||||||&#8220; header_6_font=&#8220;||||||||&#8220; header_2_font_size_tablet=&#8220;&#8220; header_2_font_size_phone=&#8220;32px&#8220; header_2_font_size_last_edited=&#8220;on|phone&#8220; global_colors_info=&#8220;{}&#8220;]<h2><span style=\"color: #7c7c7c;\">Unsere Geschichte<\/span><\/h2>\n<p><span><\/span><\/p>\n<p><span>Unser Wissen in der Branche st\u00fctzt sich auf 30 Jahre Erfahrung und weltweite T\u00e4tigkeit<\/span><span> in mehr als hundert Projekten in den Bereichen Wasser, Energie und Umwelt.<\/span><span> Hauptsitz der <\/span><span>NWT <\/span><span>ist <\/span><span>Salzburg<\/span><span> in<\/span><span> \u00d6sterreich<\/span><span>,<\/span><span> <\/span><span>wir sind<\/span><span> spezialisiert auf\u00a0Verfahrenstechnik und Planung im Wasser und\u00a0Energiesektor sowie auf industrielle Projekte und\u00a0<\/span><span>i<\/span><span>nternational finanzierte kommunale\u00a0Projekte.<\/span><\/p>\n<p><span>In den vergangenen Jahren<\/span><span> wurden gute Beziehungen zu <\/span><span>internationalen Consultingfirmen<\/span><span>, <\/span><span>Anlagenbauern<\/span><span> und <\/span><span>Industriebetrieben <\/span><span>aufgebaut.<\/span><span> NWT ist<\/span><span>\u00a0ein ge<\/span><span>f<\/span><span>ragter und kompetenter Partner auf dem\u00a0Wasser und Energiemarkt und bietet seinen Kunden\u00a0ein einmaliges Spektrum an Erfahrung und Wissen<\/span><span>.<\/span><\/p>\n<p><span>Wir setzen auf praxisbezogenes Arbeiten<\/span><span>,<\/span><span> eigene Entwicklungen sowie Ver\u00f6ffentlichungen \u2013<\/span><span><\/span><span>mit einer jungen und dynamischen Mannschaft.<\/span><\/p>\n<p><span>Im Einklang mit unseren Grundwerten und Zielen verpflichten wir uns zur Einhaltung der h\u00f6chsten Qualit\u00e4tsstandards und der kontinuierlichen \u00dcberwachung und Verbesserung der Prozesse.<\/span><span> NWT ist EUREM zertifiziert.<\/span><\/p>\n<p><span><\/span><\/p>[\/et_pb_text][\/et_pb_column][et_pb_column type=&#8220;1_3&#8243; _builder_version=&#8220;4.19.4&#8243; custom_padding=&#8220;|||&#8220; global_colors_info=&#8220;{}&#8220; custom_padding__hover=&#8220;|||&#8220;][et_pb_image src=&#8220;https:\/\/nwtechnology.at\/wp-content\/uploads\/2023\/01\/logo6.webp&#8220; title_text=&#8220;logo6&#8243; align=&#8220;center&#8220; _builder_version=&#8220;4.19.4&#8243; _module_preset=&#8220;default&#8220; width=&#8220;79%&#8220; custom_margin=&#8220;134px|||||&#8220; global_colors_info=&#8220;{}&#8220;][\/et_pb_image][\/et_pb_column][\/et_pb_row][\/et_pb_section][et_pb_section fb_built=&#8220;1&#8243; disabled_on=&#8220;on|on|on&#8220; admin_label=&#8220;What we Do&#8220; _builder_version=&#8220;4.19.4&#8243; use_background_color_gradient=&#8220;on&#8220; background_color_gradient_direction=&#8220;90deg&#8220; background_color_gradient_stops=&#8220;#0c71c3 0%|#a9dbfc 100%&#8220; background_color_gradient_start=&#8220;#557df3&#8243; background_color_gradient_end=&#8220;#8ce8ff&#8220; max_width=&#8220;100%&#8220; max_width_tablet=&#8220;100%&#8220; max_width_phone=&#8220;100%&#8220; max_width_last_edited=&#8220;on|phone&#8220; custom_padding=&#8220;||52px|||&#8220; animation_style=&#8220;slide&#8220; animation_direction=&#8220;right&#8220; animation_intensity_slide=&#8220;5%&#8220; border_radii=&#8220;on|6px|6px|6px|6px&#8220; disabled=&#8220;on&#8220; global_colors_info=&#8220;{}&#8220;][et_pb_row column_structure=&#8220;1_2,1_2&#8243; _builder_version=&#8220;4.16&#8243; global_colors_info=&#8220;{}&#8220;][et_pb_column type=&#8220;1_2&#8243; _builder_version=&#8220;4.16&#8243; custom_padding=&#8220;|||&#8220; global_colors_info=&#8220;{}&#8220; custom_padding__hover=&#8220;|||&#8220;][et_pb_counters bar_bg_color=&#8220;#ffffff&#8220; _builder_version=&#8220;4.16&#8243; title_font=&#8220;Ubuntu||||||||&#8220; title_font_size=&#8220;14px&#8220; title_line_height=&#8220;2.4em&#8220; percent_font=&#8220;||||||||&#8220; background_color=&#8220;rgba(255,255,255,0.25)&#8220; background_layout=&#8220;dark&#8220; custom_margin=&#8220;||30px|&#8220; global_colors_info=&#8220;{}&#8220;][et_pb_counter percent=&#8220;80&#8243; _builder_version=&#8220;4.16&#8243; custom_margin=&#8220;||30px|&#8220; global_colors_info=&#8220;{}&#8220; bar_background_color_default=&#8220;#ffffff&#8220; use_percentages=&#8220;on&#8220;]Residential Cleaning\r[\/et_pb_counter][et_pb_counter percent=&#8220;60&#8243; _builder_version=&#8220;4.16&#8243; custom_margin=&#8220;||30px|&#8220; global_colors_info=&#8220;{}&#8220; bar_background_color_default=&#8220;#ffffff&#8220; use_percentages=&#8220;on&#8220;]Commercial Cleaning\r[\/et_pb_counter][et_pb_counter percent=&#8220;90&#8243; _builder_version=&#8220;4.16&#8243; custom_margin=&#8220;||30px|&#8220; global_colors_info=&#8220;{}&#8220; bar_background_color_default=&#8220;#ffffff&#8220; use_percentages=&#8220;on&#8220;]Event Cleanup\r[\/et_pb_counter][\/et_pb_counters][\/et_pb_column][et_pb_column type=&#8220;1_2&#8243; _builder_version=&#8220;4.16&#8243; custom_padding=&#8220;|||&#8220; global_colors_info=&#8220;{}&#8220; custom_padding__hover=&#8220;|||&#8220;][et_pb_counters bar_bg_color=&#8220;#ffffff&#8220; _builder_version=&#8220;4.16&#8243; title_font=&#8220;Ubuntu||||||||&#8220; title_font_size=&#8220;14px&#8220; title_line_height=&#8220;2.4em&#8220; percent_font=&#8220;||||||||&#8220; background_color=&#8220;rgba(255,255,255,0.25)&#8220; background_layout=&#8220;dark&#8220; custom_margin=&#8220;||30px|&#8220; global_colors_info=&#8220;{}&#8220;][et_pb_counter percent=&#8220;80&#8243; _builder_version=&#8220;4.16&#8243; custom_margin=&#8220;||30px|&#8220; global_colors_info=&#8220;{}&#8220; bar_background_color_default=&#8220;#ffffff&#8220; use_percentages=&#8220;on&#8220;]One-time Cleaning\r[\/et_pb_counter][et_pb_counter percent=&#8220;60&#8243; _builder_version=&#8220;4.16&#8243; custom_margin=&#8220;||30px|&#8220; global_colors_info=&#8220;{}&#8220; bar_background_color_default=&#8220;#ffffff&#8220; use_percentages=&#8220;on&#8220;]Regular Cleaning\r[\/et_pb_counter][et_pb_counter percent=&#8220;90&#8243; _builder_version=&#8220;4.16&#8243; global_colors_info=&#8220;{}&#8220; bar_background_color_default=&#8220;#ffffff&#8220; use_percentages=&#8220;on&#8220;]Carpet ClenningCarpet Clenning\r[\/et_pb_counter][\/et_pb_counters][\/et_pb_column][\/et_pb_row][\/et_pb_section]\n","protected":false},"excerpt":{"rendered":"<p>Unsere Geschichte Unser Wissen in der Branche st\u00fctzt sich auf 30 Jahre Erfahrung und weltweite T\u00e4tigkeit in mehr als hundert Projekten in den Bereichen Wasser, Energie und Umwelt. Hauptsitz der NWT ist Salzburg in \u00d6sterreich, wir sind spezialisiert auf\u00a0Verfahrenstechnik und Planung im Wasser und\u00a0Energiesektor sowie auf industrielle Projekte und\u00a0international finanzierte kommunale\u00a0Projekte. In den vergangenen Jahren [&hellip;]<\/p>\n","protected":false},"author":1,"featured_media":0,"parent":0,"menu_order":0,"comment_status":"closed","ping_status":"closed","template":"","meta":{"_et_pb_use_builder":"on","_et_pb_old_content":"","_et_gb_content_width":"","footnotes":""},"class_list":["post-582","page","type-page","status-publish","hentry"],"_links":{"self":[{"href":"https:\/\/nwtechnology.at\/en\/wp-json\/wp\/v2\/pages\/582","targetHints":{"allow":["GET"]}}],"collection":[{"href":"https:\/\/nwtechnology.at\/en\/wp-json\/wp\/v2\/pages"}],"about":[{"href":"https:\/\/nwtechnology.at\/en\/wp-json\/wp\/v2\/types\/page"}],"author":[{"embeddable":true,"href":"https:\/\/nwtechnology.at\/en\/wp-json\/wp\/v2\/users\/1"}],"replies":[{"embeddable":true,"href":"https:\/\/nwtechnology.at\/en\/wp-json\/wp\/v2\/comments?post=582"}],"version-history":[{"count":10,"href":"https:\/\/nwtechnology.at\/en\/wp-json\/wp\/v2\/pages\/582\/revisions"}],"predecessor-version":[{"id":287904,"href":"https:\/\/nwtechnology.at\/en\/wp-json\/wp\/v2\/pages\/582\/revisions\/287904"}],"wp:attachment":[{"href":"https:\/\/nwtechnology.at\/en\/wp-json\/wp\/v2\/media?parent=582"}],"curies":[{"name":"wp","href":"https:\/\/api.w.org\/{rel}","templated":true}]}}