{"id":670,"date":"2023-03-05T11:08:44","date_gmt":"2023-03-05T10:08:44","guid":{"rendered":"https:\/\/nwtechnology.at\/?page_id=670"},"modified":"2025-11-26T10:12:56","modified_gmt":"2025-11-26T09:12:56","slug":"liftair","status":"publish","type":"page","link":"https:\/\/nwtechnology.at\/en\/liftair\/","title":{"rendered":"Liftair"},"content":{"rendered":"<p>[et_pb_section fb_built=&#8220;1&#8243; admin_label=&#8220;About Us&#8220; _builder_version=&#8220;4.16&#8243; custom_padding=&#8220;54px|0px|0|0px|false|false&#8220; global_colors_info=&#8220;{}&#8220;][et_pb_row column_structure=&#8220;2_3,1_3&#8243; _builder_version=&#8220;4.19.4&#8243; custom_margin=&#8220;6px|auto||auto||&#8220; custom_padding=&#8220;||94px|||&#8220; global_colors_info=&#8220;{}&#8220;][et_pb_column type=&#8220;2_3&#8243; _builder_version=&#8220;4.16&#8243; custom_padding=&#8220;|||&#8220; global_colors_info=&#8220;{}&#8220; custom_padding__hover=&#8220;|||&#8220;][et_pb_text _builder_version=&#8220;4.19.4&#8243; text_font=&#8220;||||||||&#8220; text_font_size=&#8220;15px&#8220; text_line_height=&#8220;2em&#8220; ul_font=&#8220;|700|||||||&#8220; ul_line_height=&#8220;2em&#8220; ol_font=&#8220;||||||||&#8220; header_font=&#8220;||||||||&#8220; header_2_font=&#8220;Maven Pro|600|||||||&#8220; header_2_font_size=&#8220;40px&#8220; header_2_line_height=&#8220;1.4em&#8220; header_3_font=&#8220;||||||||&#8220; header_4_font=&#8220;||||||||&#8220; header_5_font=&#8220;||||||||&#8220; header_6_font=&#8220;||||||||&#8220; custom_margin=&#8220;|-28px||||&#8220; custom_padding=&#8220;||19px|||&#8220; header_2_font_size_tablet=&#8220;&#8220; header_2_font_size_phone=&#8220;32px&#8220; header_2_font_size_last_edited=&#8220;on|phone&#8220; global_colors_info=&#8220;{}&#8220;]<\/p>\n<h2><span style=\"color: #0c71c3;\"><span style=\"caret-color: #0c71c3;\">Liftair<\/span><\/span><\/h2>\n<div class=\"page\" title=\"Page 2\">\n<div class=\"layoutArea\">\n<div class=\"column\">\n<p class=\"s19\"><span class=\"s20\">LIFTAIR ist ein unter Wasser aufgestellter Druckluftheber zur Durchmischung von Wasser oder Abwasser. <\/span><\/p>\n<p class=\"s19\"><strong><span class=\"s20\">Prinzip <\/span><\/strong><\/p>\n<p class=\"s19\"><span class=\"s20\">Luft\/Gas wird an einem Punkt nahe dem Boden des LIFTAIR eingeleitet, wodurch eine schnell ansteigende Str\u00f6mung durch das konische Rohr entsteht. Der parabolische Einlass und die internen Leitklappen bewirken eine spiralf\u00f6rmige Einlaufstr\u00f6mung, welche den Boden von Ablagerungen befreit. <\/span><\/p>\n<p class=\"s19\"><strong><span class=\"s20\">Typische Anwendungsbereiche <\/span><\/strong><\/p>\n<p class=\"s19\"><span class=\"s20\">&#8211; F\u00e4llung und Ausflockung <\/span><span class=\"s20\">in Trinkwasseranlagen<\/span><\/p>\n<p class=\"s19\"><span class=\"s20\">&#8211; <\/span><span class=\"s20\">oxische<\/span><span class=\"s20\">\/<\/span><span class=\"s20\">anoxische<\/span><span class=\"s20\"> <\/span><span class=\"s20\">Selektoren<\/span><span class=\"s20\"> <\/span><span class=\"s20\">in <\/span><span class=\"s20\">SBR-Abwasserreinigungsanlagen<\/span><span class=\"s20\"><\/span><\/p>\n<p class=\"s19\"><span class=\"s20\">&#8211; <\/span><span class=\"s20\">Anoxische<\/span><span class=\"s20\"> Becken \/ Anaerob Becken in konventionellen Abwasserreinigungsanlagen<\/span><\/p>\n<p class=\"s19\"><span class=\"s20\">&#8211; Ex-Zonen <\/span><\/p>\n<p class=\"s19\"><span class=\"s20\">&#8211; Gastransfer und Strippen <\/span><\/p>\n<p><span>LIFTAIR kann fest am Boden montiert oder herausnehmbar geliefert werden. Becken bis zu 7 m Tiefe mit einem inneren Seitenwandabstand von &gt;1.000mm k\u00f6nnen gemischt werden.<\/span><\/p>\n<p><strong>Liftair ist zum Patent und Gebrauchsmuster angemeldet.<\/strong><\/p>\n<p>&nbsp;<\/p>\n<\/div>\n<\/div>\n<\/div>\n<p>[\/et_pb_text][\/et_pb_column][et_pb_column type=&#8220;1_3&#8243; _builder_version=&#8220;4.19.4&#8243; custom_padding=&#8220;|||&#8220; global_colors_info=&#8220;{}&#8220; custom_padding__hover=&#8220;|||&#8220;][\/et_pb_column][\/et_pb_row][\/et_pb_section][et_pb_section fb_built=&#8220;1&#8243; admin_label=&#8220;Features&#8220; _builder_version=&#8220;4.19.4&#8243; background_color=&#8220;#ffffff&#8220; max_width=&#8220;90%&#8220; max_width_tablet=&#8220;90%&#8220; max_width_phone=&#8220;100%&#8220; max_width_last_edited=&#8220;on|phone&#8220; module_alignment=&#8220;right&#8220; custom_margin=&#8220;||139px|||&#8220; custom_padding=&#8220;||41px|||&#8220; animation_style=&#8220;slide&#8220; animation_direction=&#8220;right&#8220; animation_intensity_slide=&#8220;5%&#8220; border_radii=&#8220;on|6px|6px|6px|6px&#8220; box_shadow_style=&#8220;preset3&#8243; box_shadow_horizontal=&#8220;-60px&#8220; box_shadow_vertical=&#8220;18px&#8220; box_shadow_blur=&#8220;200px&#8220; box_shadow_spread=&#8220;-40px&#8220; box_shadow_color=&#8220;rgba(104,104,104,0.16)&#8220; global_colors_info=&#8220;{}&#8220;][et_pb_row _builder_version=&#8220;4.19.4&#8243; _module_preset=&#8220;default&#8220; global_colors_info=&#8220;{}&#8220;][et_pb_column type=&#8220;4_4&#8243; _builder_version=&#8220;4.19.4&#8243; _module_preset=&#8220;default&#8220; global_colors_info=&#8220;{}&#8220;][\/et_pb_column][\/et_pb_row][\/et_pb_section]<\/p>\n","protected":false},"excerpt":{"rendered":"<p>Liftair LIFTAIR ist ein unter Wasser aufgestellter Druckluftheber zur Durchmischung von Wasser oder Abwasser. Prinzip Luft\/Gas wird an einem Punkt nahe dem Boden des LIFTAIR eingeleitet, wodurch eine schnell ansteigende Str\u00f6mung durch das konische Rohr entsteht. Der parabolische Einlass und die internen Leitklappen bewirken eine spiralf\u00f6rmige Einlaufstr\u00f6mung, welche den Boden von Ablagerungen befreit. Typische Anwendungsbereiche [&hellip;]<\/p>\n","protected":false},"author":1,"featured_media":0,"parent":0,"menu_order":0,"comment_status":"closed","ping_status":"closed","template":"","meta":{"_et_pb_use_builder":"on","_et_pb_old_content":"<!-- wp:divi\/placeholder \/-->","_et_gb_content_width":"","footnotes":""},"class_list":["post-670","page","type-page","status-publish","hentry"],"_links":{"self":[{"href":"https:\/\/nwtechnology.at\/en\/wp-json\/wp\/v2\/pages\/670","targetHints":{"allow":["GET"]}}],"collection":[{"href":"https:\/\/nwtechnology.at\/en\/wp-json\/wp\/v2\/pages"}],"about":[{"href":"https:\/\/nwtechnology.at\/en\/wp-json\/wp\/v2\/types\/page"}],"author":[{"embeddable":true,"href":"https:\/\/nwtechnology.at\/en\/wp-json\/wp\/v2\/users\/1"}],"replies":[{"embeddable":true,"href":"https:\/\/nwtechnology.at\/en\/wp-json\/wp\/v2\/comments?post=670"}],"version-history":[{"count":8,"href":"https:\/\/nwtechnology.at\/en\/wp-json\/wp\/v2\/pages\/670\/revisions"}],"predecessor-version":[{"id":288177,"href":"https:\/\/nwtechnology.at\/en\/wp-json\/wp\/v2\/pages\/670\/revisions\/288177"}],"wp:attachment":[{"href":"https:\/\/nwtechnology.at\/en\/wp-json\/wp\/v2\/media?parent=670"}],"curies":[{"name":"wp","href":"https:\/\/api.w.org\/{rel}","templated":true}]}}