{"id":693,"date":"2023-03-05T15:03:42","date_gmt":"2023-03-05T14:03:42","guid":{"rendered":"https:\/\/nwtechnology.at\/?page_id=693"},"modified":"2023-04-25T13:57:30","modified_gmt":"2023-04-25T11:57:30","slug":"karriere","status":"publish","type":"page","link":"https:\/\/nwtechnology.at\/en\/karriere\/","title":{"rendered":"career"},"content":{"rendered":"<p>[et_pb_section fb_built=&#8220;1&#8243; admin_label=&#8220;About Us&#8220; _builder_version=&#8220;4.19.4&#8243; background_color=&#8220;#f2f2f2&#8243; custom_padding=&#8220;54px|0px|0|0px|false|false&#8220; global_colors_info=&#8220;{}&#8220;][et_pb_row column_structure=&#8220;2_3,1_3&#8243; _builder_version=&#8220;4.19.4&#8243; custom_margin=&#8220;6px|auto||auto||&#8220; custom_padding=&#8220;||94px|||&#8220; global_colors_info=&#8220;{}&#8220;][et_pb_column type=&#8220;2_3&#8243; _builder_version=&#8220;4.16&#8243; custom_padding=&#8220;|||&#8220; global_colors_info=&#8220;{}&#8220; custom_padding__hover=&#8220;|||&#8220;][et_pb_text _builder_version=&#8220;4.19.4&#8243; text_font=&#8220;||||||||&#8220; text_font_size=&#8220;15px&#8220; text_line_height=&#8220;2em&#8220; ul_font=&#8220;|700|||||||&#8220; ul_line_height=&#8220;2em&#8220; ol_font=&#8220;||||||||&#8220; header_font=&#8220;||||||||&#8220; header_2_font=&#8220;Maven Pro|600|||||||&#8220; header_2_font_size=&#8220;40px&#8220; header_2_line_height=&#8220;1.4em&#8220; header_3_font=&#8220;||||||||&#8220; header_4_font=&#8220;||||||||&#8220; header_5_font=&#8220;||||||||&#8220; header_6_font=&#8220;||||||||&#8220; header_2_font_size_tablet=&#8220;&#8220; header_2_font_size_phone=&#8220;24px&#8220; header_2_font_size_last_edited=&#8220;on|phone&#8220; global_colors_info=&#8220;{}&#8220;]<\/p>\n<h2><span style=\"color: #0c71c3;\">Deine Karriere bei NWT<\/span><\/h2>\n<p><span><\/span><\/p>\n<p><span>Wir sind stets auf der Suche nach f\u00e4higen Mitarbeitern, die sich unserem dynamischen und expandierenden Team anschlie\u00dfen.<\/span><span> Wir bieten die M\u00f6glichkeit in der internationalen Ingenieurberatung t\u00e4tig zu sein und in vielen Teilen der Welt einen wesentlichen Beitrag zur Verbesserung der Trinkwasserversorgung und Abwasserentsorgung zu leisten.<\/span><\/p>\n<div class=\"page\" title=\"Page 1\">\n<div class=\"layoutArea\">\n<div class=\"column\"><\/div>\n<\/div>\n<\/div>\n<p>[\/et_pb_text][\/et_pb_column][et_pb_column type=&#8220;1_3&#8243; _builder_version=&#8220;4.19.4&#8243; custom_padding=&#8220;|||&#8220; global_colors_info=&#8220;{}&#8220; custom_padding__hover=&#8220;|||&#8220;][\/et_pb_column][\/et_pb_row][\/et_pb_section][et_pb_section fb_built=&#8220;1&#8243; custom_padding_last_edited=&#8220;on|phone&#8220; admin_label=&#8220;Services&#8220; _builder_version=&#8220;4.19.4&#8243; background_color=&#8220;#FFFFFF&#8220; custom_padding=&#8220;40px|0px|74px|12.1%|false|false&#8220; custom_padding_tablet=&#8220;|||10%&#8220; custom_padding_phone=&#8220;&#8220; locked=&#8220;off&#8220; global_colors_info=&#8220;{}&#8220;][et_pb_row column_structure=&#8220;1_2,1_2&#8243; make_equal=&#8220;on&#8220; _builder_version=&#8220;4.19.4&#8243; width=&#8220;100%&#8220; max_width=&#8220;100%&#8220; module_alignment=&#8220;right&#8220; custom_margin=&#8220;|||&#8220; custom_padding=&#8220;|0px|0px|0px|false|false&#8220; hover_enabled=&#8220;0&#8243; use_custom_width=&#8220;on&#8220; width_unit=&#8220;off&#8220; custom_width_percent=&#8220;100%&#8220; global_colors_info=&#8220;{}&#8220; sticky_enabled=&#8220;0&#8243;][et_pb_column type=&#8220;1_2&#8243; _builder_version=&#8220;4.16&#8243; custom_padding=&#8220;|5%||&#8220; custom_padding_tablet=&#8220;|10%||||false&#8220; custom_padding_phone=&#8220;|10%||&#8220; custom_padding_last_edited=&#8220;on|tablet&#8220; global_colors_info=&#8220;{}&#8220; padding_phone=&#8220;|10%||&#8220; padding_tablet=&#8220;|10%||||false&#8220; padding_last_edited=&#8220;on|tablet&#8220; custom_padding__hover=&#8220;|||&#8220;][et_pb_text _builder_version=&#8220;4.19.4&#8243; text_font=&#8220;||||||||&#8220; text_font_size=&#8220;15px&#8220; text_line_height=&#8220;2em&#8220; header_font=&#8220;||||||||&#8220; header_2_font=&#8220;Maven Pro|600|||||||&#8220; header_2_text_color=&#8220;#7c7c7c&#8220; header_2_font_size=&#8220;40px&#8220; header_2_line_height=&#8220;1.4em&#8220; header_2_font_size_tablet=&#8220;&#8220; header_2_font_size_phone=&#8220;24px&#8220; header_2_font_size_last_edited=&#8220;on|phone&#8220; global_colors_info=&#8220;{}&#8220;]<\/p>\n<h2><span style=\"color: #666666;\">Offene Stellen<\/span><\/h2>\n<p>[\/et_pb_text][et_pb_blurb title=&#8220;TechnikerIn Umwelttechnik&#8220; use_icon=&#8220;on&#8220; font_icon=&#8220;&#x52;||divi||400&#8243; icon_color=&#8220;#0C71C3&#8243; icon_placement=&#8220;left&#8220; content_max_width=&#8220;100%&#8220; _builder_version=&#8220;4.19.4&#8243; header_text_color=&#8220;#0C71C3&#8243; body_font=&#8220;||||||||&#8220; body_font_size=&#8220;15px&#8220; custom_margin=&#8220;||30px|||&#8220; body_font_size_phone=&#8220;14px&#8220; body_font_size_last_edited=&#8220;off|desktop&#8220; global_colors_info=&#8220;{}&#8220;]<\/p>\n<p><span>IngenieurInnen<\/span><span>, f\u00fcr die Wasserversorgung und Abwasserentsorgung eine \u201eBerufung und Leidenschaft\u201c ist und die gern in englischer Sprache weltweit <\/span><span>mit anderen <\/span><span>KollegInnen\u00a0<\/span><span>zusammenarbeiten.<\/span><\/p>\n<p>[\/et_pb_blurb][et_pb_button button_url=&#8220;https:\/\/nwtechnology.at\/wp-content\/uploads\/2023\/03\/TechnikerIn-Umwelttechnik.pdf&#8220; button_text=&#8220;Weitere Informationen&#8220; _builder_version=&#8220;4.19.4&#8243; custom_button=&#8220;on&#8220; button_text_size=&#8220;18px&#8220; button_text_color=&#8220;#ffffff&#8220; button_bg_color=&#8220;#0C71C3&#8243; button_border_width=&#8220;10px&#8220; button_border_color=&#8220;#0C71C3&#8243; button_border_radius=&#8220;0px&#8220; button_font=&#8220;Ubuntu|700|||||||&#8220; custom_margin=&#8220;|||&#8220; animation_style=&#8220;slide&#8220; animation_direction=&#8220;right&#8220; button_border_radius_hover=&#8220;0px&#8220; locked=&#8220;off&#8220; global_colors_info=&#8220;{}&#8220; button_text_size__hover_enabled=&#8220;off&#8220; button_one_text_size__hover_enabled=&#8220;off&#8220; button_two_text_size__hover_enabled=&#8220;off&#8220; button_text_color__hover_enabled=&#8220;off&#8220; button_one_text_color__hover_enabled=&#8220;off&#8220; button_two_text_color__hover_enabled=&#8220;off&#8220; button_border_width__hover_enabled=&#8220;off&#8220; button_one_border_width__hover_enabled=&#8220;off&#8220; button_two_border_width__hover_enabled=&#8220;off&#8220; button_border_color__hover_enabled=&#8220;off&#8220; button_one_border_color__hover_enabled=&#8220;off&#8220; button_two_border_color__hover_enabled=&#8220;off&#8220; button_border_radius__hover_enabled=&#8220;on&#8220; button_border_radius__hover=&#8220;0px&#8220; button_one_border_radius__hover_enabled=&#8220;off&#8220; button_two_border_radius__hover_enabled=&#8220;off&#8220; button_letter_spacing__hover_enabled=&#8220;off&#8220; button_one_letter_spacing__hover_enabled=&#8220;off&#8220; button_two_letter_spacing__hover_enabled=&#8220;off&#8220; button_bg_color__hover_enabled=&#8220;off&#8220; button_one_bg_color__hover_enabled=&#8220;off&#8220; button_two_bg_color__hover_enabled=&#8220;off&#8220;][\/et_pb_button][\/et_pb_column][et_pb_column type=&#8220;1_2&#8243; _builder_version=&#8220;4.19.4&#8243; background_image=&#8220;https:\/\/nwtechnology.at\/wp-content\/uploads\/2023\/04\/team-940612-scaled.jpg&#8220; background_position=&#8220;bottom_left&#8220; custom_padding=&#8220;|||&#8220; custom_padding_tablet=&#8220;|||&#8220; custom_padding_phone=&#8220;|||&#8220; custom_padding_last_edited=&#8220;off|desktop&#8220; hover_enabled=&#8220;0&#8243; global_colors_info=&#8220;{}&#8220; padding_phone=&#8220;|||&#8220; padding_tablet=&#8220;|||&#8220; padding_last_edited=&#8220;off|desktop&#8220; custom_padding__hover=&#8220;|||&#8220; title_text=&#8220;team-940612&#8243; sticky_enabled=&#8220;0&#8243;][et_pb_divider show_divider=&#8220;off&#8220; _builder_version=&#8220;4.19.4&#8243; height=&#8220;400px&#8220; hover_enabled=&#8220;0&#8243; global_colors_info=&#8220;{}&#8220; sticky_enabled=&#8220;0&#8243;][\/et_pb_divider][\/et_pb_column][\/et_pb_row][\/et_pb_section]<\/p>\n","protected":false},"excerpt":{"rendered":"<p>Deine Karriere bei NWT Wir sind stets auf der Suche nach f\u00e4higen Mitarbeitern, die sich unserem dynamischen und expandierenden Team anschlie\u00dfen. Wir bieten die M\u00f6glichkeit in der internationalen Ingenieurberatung t\u00e4tig zu sein und in vielen Teilen der Welt einen wesentlichen Beitrag zur Verbesserung der Trinkwasserversorgung und Abwasserentsorgung zu leisten. Offene StellenIngenieurInnen, f\u00fcr die Wasserversorgung und [&hellip;]<\/p>\n","protected":false},"author":1,"featured_media":0,"parent":0,"menu_order":0,"comment_status":"closed","ping_status":"closed","template":"","meta":{"_et_pb_use_builder":"on","_et_pb_old_content":"","_et_gb_content_width":"","footnotes":""},"class_list":["post-693","page","type-page","status-publish","hentry"],"_links":{"self":[{"href":"https:\/\/nwtechnology.at\/en\/wp-json\/wp\/v2\/pages\/693","targetHints":{"allow":["GET"]}}],"collection":[{"href":"https:\/\/nwtechnology.at\/en\/wp-json\/wp\/v2\/pages"}],"about":[{"href":"https:\/\/nwtechnology.at\/en\/wp-json\/wp\/v2\/types\/page"}],"author":[{"embeddable":true,"href":"https:\/\/nwtechnology.at\/en\/wp-json\/wp\/v2\/users\/1"}],"replies":[{"embeddable":true,"href":"https:\/\/nwtechnology.at\/en\/wp-json\/wp\/v2\/comments?post=693"}],"version-history":[{"count":7,"href":"https:\/\/nwtechnology.at\/en\/wp-json\/wp\/v2\/pages\/693\/revisions"}],"predecessor-version":[{"id":1139,"href":"https:\/\/nwtechnology.at\/en\/wp-json\/wp\/v2\/pages\/693\/revisions\/1139"}],"wp:attachment":[{"href":"https:\/\/nwtechnology.at\/en\/wp-json\/wp\/v2\/media?parent=693"}],"curies":[{"name":"wp","href":"https:\/\/api.w.org\/{rel}","templated":true}]}}