{"id":948,"date":"2023-03-24T20:14:03","date_gmt":"2023-03-24T19:14:03","guid":{"rendered":"https:\/\/nwtechnology.at\/?page_id=948"},"modified":"2024-04-05T12:48:59","modified_gmt":"2024-04-05T10:48:59","slug":"abwasserbehandlung","status":"publish","type":"page","link":"https:\/\/nwtechnology.at\/en\/abwasserbehandlung\/","title":{"rendered":"waste water"},"content":{"rendered":"<p>[et_pb_section fb_built=&#8220;1&#8243; admin_label=&#8220;About Us&#8220; _builder_version=&#8220;4.16&#8243; custom_padding=&#8220;54px|0px|0|0px|false|false&#8220; global_colors_info=&#8220;{}&#8220;][et_pb_row column_structure=&#8220;3_5,2_5&#8243; _builder_version=&#8220;4.24.3&#8243; custom_margin=&#8220;6px|auto||auto||&#8220; custom_padding=&#8220;||94px|||&#8220; link_option_url_new_window=&#8220;on&#8220; global_colors_info=&#8220;{}&#8220;][et_pb_column type=&#8220;3_5&#8243; _builder_version=&#8220;4.16&#8243; custom_padding=&#8220;|||&#8220; global_colors_info=&#8220;{}&#8220; custom_padding__hover=&#8220;|||&#8220;][et_pb_text _builder_version=&#8220;4.24.3&#8243; text_font=&#8220;||||||||&#8220; text_font_size=&#8220;15px&#8220; text_line_height=&#8220;2em&#8220; ul_font=&#8220;|700|||||||&#8220; ul_line_height=&#8220;2em&#8220; ol_font=&#8220;||||||||&#8220; header_font=&#8220;||||||||&#8220; header_2_font=&#8220;Maven Pro|600|||||||&#8220; header_2_font_size=&#8220;40px&#8220; header_2_line_height=&#8220;1.4em&#8220; header_3_font=&#8220;||||||||&#8220; header_4_font=&#8220;||||||||&#8220; header_5_font=&#8220;||||||||&#8220; header_6_font=&#8220;||||||||&#8220; link_option_url_new_window=&#8220;on&#8220; header_2_font_size_tablet=&#8220;&#8220; header_2_font_size_phone=&#8220;36px&#8220; header_2_font_size_last_edited=&#8220;on|phone&#8220; global_colors_info=&#8220;{}&#8220;]<\/p>\n<h2><span style=\"color: #7c7c7c;\">Abwasserbehandlung<\/span><\/h2>\n<p><span>Planung und Beratungsleistungen <\/span><span>fu\u0308r<\/span><span> internationale Projekte\u00a0mit Spezialkenntnissen im Bereich konventionelle Technologien,\u00a0Lagunen, SBR, MBR, physikalisch-chemische Behandlung RO,\u00a0anaerobe Technologien, Filtration, Schlammbehandlung<\/span><\/p>\n<p><span>\u2022\u00a0Design Studien, Kostenanalysen, Variantenvergleiche<\/span><\/p>\n<p><span>\u2022\u00a0Projektrevisionen f\u00fcr Verfahrenstechnik<\/span><\/p>\n<p><span>\u2022\u00a0Prozessoptimierungen<\/span><\/p>\n<p><span>\u2022\u00a0Problemanalyse und Behebungen vor Ort<\/span><\/p>\n<p><span>\u2022\u00a0<\/span><span>hydraulische Berechnungen und Modelle<\/span><\/p>\n<p><span>\u2022\u00a0Tender- und <\/span><span>Anbotsausarbeitung<\/span><span> (z.B. FIDIC)<\/span><\/p>\n<p><a href=\"..\"><span>\u00a0<\/span><\/a><\/p>\n<p>[\/et_pb_text][\/et_pb_column][et_pb_column type=&#8220;2_5&#8243; _builder_version=&#8220;4.19.4&#8243; custom_padding=&#8220;|||&#8220; global_colors_info=&#8220;{}&#8220; custom_padding__hover=&#8220;|||&#8220;][et_pb_image src=&#8220;https:\/\/nwtechnology.at\/wp-content\/uploads\/2023\/04\/Fotolia_87241116_M.jpg&#8220; title_text=&#8220;Water Treatment Plant at twilight&#8220; url=&#8220;https:\/\/nwtechnology.at\/wp-content\/uploads\/2024\/04\/NWT_Technology_EN_16x9_V3_lowQuality-1.mp4&#8243; url_new_window=&#8220;on&#8220; align=&#8220;center&#8220; _builder_version=&#8220;4.24.3&#8243; _module_preset=&#8220;default&#8220; width=&#8220;100%&#8220; custom_margin=&#8220;118px|||||&#8220; global_colors_info=&#8220;{}&#8220;][\/et_pb_image][\/et_pb_column][\/et_pb_row][\/et_pb_section][et_pb_section fb_built=&#8220;1&#8243; admin_label=&#8220;Features&#8220; _builder_version=&#8220;4.19.4&#8243; background_color=&#8220;#ffffff&#8220; use_background_color_gradient=&#8220;on&#8220; background_color_gradient_direction=&#8220;45deg&#8220; background_color_gradient_stops=&#8220;#0c71c3 0%|#70c8e5 99%&#8220; max_width=&#8220;90%&#8220; max_width_tablet=&#8220;90%&#8220; max_width_phone=&#8220;100%&#8220; max_width_last_edited=&#8220;on|phone&#8220; module_alignment=&#8220;right&#8220; custom_margin=&#8220;|||179px||&#8220; animation_style=&#8220;slide&#8220; animation_direction=&#8220;right&#8220; animation_intensity_slide=&#8220;5%&#8220; border_radii=&#8220;on|6px|6px|6px|6px&#8220; box_shadow_style=&#8220;preset3&#8243; box_shadow_horizontal=&#8220;-60px&#8220; box_shadow_vertical=&#8220;-60px&#8220; box_shadow_blur=&#8220;200px&#8220; box_shadow_spread=&#8220;-40px&#8220; box_shadow_color=&#8220;rgba(127,127,127,0.16)&#8220; global_module=&#8220;956&#8243; saved_tabs=&#8220;all&#8220; global_colors_info=&#8220;{}&#8220;][et_pb_row _builder_version=&#8220;4.16&#8243; global_colors_info=&#8220;{}&#8220;][et_pb_column type=&#8220;4_4&#8243; _builder_version=&#8220;4.16&#8243; custom_padding=&#8220;|||&#8220; global_colors_info=&#8220;{}&#8220; custom_padding__hover=&#8220;|||&#8220;][et_pb_text _builder_version=&#8220;4.19.4&#8243; text_font=&#8220;||||||||&#8220; text_font_size=&#8220;15px&#8220; text_line_height=&#8220;2em&#8220; header_font=&#8220;||||||||&#8220; header_2_font=&#8220;Maven Pro|600|||||||&#8220; header_2_text_color=&#8220;#7c7c7c&#8220; header_2_font_size=&#8220;40px&#8220; header_2_line_height=&#8220;1.4em&#8220; header_4_font=&#8220;|600|||||||&#8220; header_4_line_height=&#8220;1.4em&#8220; header_2_font_size_tablet=&#8220;&#8220; header_2_font_size_phone=&#8220;24px&#8220; header_2_font_size_last_edited=&#8220;on|phone&#8220; global_colors_info=&#8220;{}&#8220;]<\/p>\n<h2><span style=\"color: #ffffff;\">Was Sie von uns erwarten k\u00f6nnen<\/span><\/h2>\n<p>[\/et_pb_text][\/et_pb_column][\/et_pb_row][et_pb_row column_structure=&#8220;1_2,1_2&#8243; _builder_version=&#8220;4.16&#8243; global_colors_info=&#8220;{}&#8220;][et_pb_column type=&#8220;1_2&#8243; _builder_version=&#8220;4.16&#8243; custom_padding=&#8220;|||&#8220; global_colors_info=&#8220;{}&#8220; custom_padding__hover=&#8220;|||&#8220;][et_pb_text _builder_version=&#8220;4.19.4&#8243; text_font=&#8220;||||||||&#8220; text_font_size=&#8220;15px&#8220; text_line_height=&#8220;2em&#8220; header_font=&#8220;||||||||&#8220; header_2_font=&#8220;Maven Pro|600|||||||&#8220; header_2_text_color=&#8220;#7c7c7c&#8220; header_2_font_size=&#8220;40px&#8220; header_2_line_height=&#8220;1.4em&#8220; header_4_font=&#8220;|600|||||||&#8220; header_4_line_height=&#8220;1.4em&#8220; header_2_font_size_tablet=&#8220;&#8220; header_2_font_size_phone=&#8220;24px&#8220; header_2_font_size_last_edited=&#8220;on|phone&#8220; global_colors_info=&#8220;{}&#8220;]<\/p>\n<h4><span style=\"color: #ffffff;\">Arbeit erfolgt fach\u00fcbergreifend und praxisorientiert<\/span><\/h4>\n<p><span style=\"color: #ffffff;\">Arbeit in den Bereichen Bau, Maschine, Elektrotechnik und Automation erfolgt fach\u00fcbergreifend und praxisorientiert \u00fcber alle Disziplinen hinweg. Zusammenarbeit und Austausch sind entscheidend f\u00fcr erfolgreiche Projekte.<\/span><\/p>\n<p>[\/et_pb_text][\/et_pb_column][et_pb_column type=&#8220;1_2&#8243; _builder_version=&#8220;4.16&#8243; custom_padding=&#8220;|||&#8220; global_colors_info=&#8220;{}&#8220; custom_padding__hover=&#8220;|||&#8220;][et_pb_text _builder_version=&#8220;4.19.4&#8243; text_font=&#8220;||||||||&#8220; text_font_size=&#8220;15px&#8220; text_line_height=&#8220;2em&#8220; header_font=&#8220;||||||||&#8220; header_2_font=&#8220;Maven Pro|600|||||||&#8220; header_2_text_color=&#8220;#7c7c7c&#8220; header_2_font_size=&#8220;40px&#8220; header_2_line_height=&#8220;1.4em&#8220; header_4_font=&#8220;|600|||||||&#8220; header_4_line_height=&#8220;1.4em&#8220; header_2_font_size_tablet=&#8220;&#8220; header_2_font_size_phone=&#8220;24px&#8220; header_2_font_size_last_edited=&#8220;on|phone&#8220; global_colors_info=&#8220;{}&#8220;]<\/p>\n<h4><span style=\"color: #ffffff;\">Effizienz statt Hektik<\/span><\/h4>\n<div class=\"group w-full text-gray-800 dark:text-gray-100 border-b border-black\/10 dark:border-gray-900\/50 bg-gray-50 dark:bg-[#444654]\">\n<div class=\"text-base gap-4 md:gap-6 md:max-w-2xl lg:max-w-2xl xl:max-w-3xl p-4 md:py-6 flex lg:px-0 m-auto\">\n<div class=\"relative flex w-[calc(100%-50px)] flex-col gap-1 md:gap-3 lg:w-[calc(100%-115px)]\">\n<div class=\"flex flex-grow flex-col gap-3\">\n<div class=\"min-h-[20px] flex flex-col items-start gap-4 whitespace-pre-wrap\">\n<div class=\"markdown prose w-full break-words dark:prose-invert light\">\n<p><span style=\"font-size: 15px; color: #ffffff;\">Effizienz ist der Schl\u00fcssel zum Erfolg. Statt in Hektik zu verfallen, werden bei uns Abl\u00e4ufe optimiert, um Zeit und Ressourcen zu sparen. Wir nehmen uns Zeit, um Prozesse zu verschlanken, um schneller und stressfreier arbeiten zu k\u00f6nnen. <\/span><\/p>\n<\/div>\n<\/div>\n<\/div>\n<\/div>\n<\/div>\n<\/div>\n<p>[\/et_pb_text][\/et_pb_column][\/et_pb_row][et_pb_row column_structure=&#8220;1_2,1_2&#8243; _builder_version=&#8220;4.16&#8243; global_colors_info=&#8220;{}&#8220;][et_pb_column type=&#8220;1_2&#8243; _builder_version=&#8220;4.16&#8243; custom_padding=&#8220;|||&#8220; global_colors_info=&#8220;{}&#8220; custom_padding__hover=&#8220;|||&#8220;][et_pb_text _builder_version=&#8220;4.19.4&#8243; text_font=&#8220;||||||||&#8220; text_font_size=&#8220;15px&#8220; text_line_height=&#8220;2em&#8220; header_font=&#8220;||||||||&#8220; header_2_font=&#8220;Maven Pro|600|||||||&#8220; header_2_text_color=&#8220;#7c7c7c&#8220; header_2_font_size=&#8220;40px&#8220; header_2_line_height=&#8220;1.4em&#8220; header_4_font=&#8220;|600|||||||&#8220; header_4_line_height=&#8220;1.4em&#8220; header_2_font_size_tablet=&#8220;&#8220; header_2_font_size_phone=&#8220;24px&#8220; header_2_font_size_last_edited=&#8220;on|phone&#8220; global_colors_info=&#8220;{}&#8220;]<\/p>\n<h4><span style=\"color: #ffffff;\">Rasches und flexibles Reagieren\u00a0<\/span><\/h4>\n<div class=\"group w-full text-gray-800 dark:text-gray-100 border-b border-black\/10 dark:border-gray-900\/50 bg-gray-50 dark:bg-[#444654]\">\n<div class=\"text-base gap-4 md:gap-6 md:max-w-2xl lg:max-w-2xl xl:max-w-3xl p-4 md:py-6 flex lg:px-0 m-auto\">\n<div class=\"relative flex w-[calc(100%-50px)] flex-col gap-1 md:gap-3 lg:w-[calc(100%-115px)]\">\n<div class=\"flex flex-grow flex-col gap-3\">\n<div class=\"min-h-[20px] flex flex-col items-start gap-4 whitespace-pre-wrap\">\n<div class=\"markdown prose w-full break-words dark:prose-invert light\">\n<p><span style=\"color: #ffffff;\">Schnelles und kompetentes Reagieren auf \u00c4nderungen der Ausgangslage ist ein entscheidender Erfolgsfaktor unseres Unternehmens. Eine agile Arbeitsweise erm\u00f6glicht schnelle Entscheidungen und rasche Umsetzung bei unvorhergesehenen Entwicklungen.<\/span><\/p>\n<\/div>\n<\/div>\n<\/div>\n<\/div>\n<\/div>\n<\/div>\n<p>&nbsp;<\/p>\n<p>[\/et_pb_text][\/et_pb_column][et_pb_column type=&#8220;1_2&#8243; _builder_version=&#8220;4.16&#8243; custom_padding=&#8220;|||&#8220; global_colors_info=&#8220;{}&#8220; custom_padding__hover=&#8220;|||&#8220;][et_pb_text _builder_version=&#8220;4.19.4&#8243; text_font=&#8220;||||||||&#8220; text_font_size=&#8220;15px&#8220; text_line_height=&#8220;2em&#8220; header_font=&#8220;||||||||&#8220; header_2_font=&#8220;Maven Pro|600|||||||&#8220; header_2_text_color=&#8220;#7c7c7c&#8220; header_2_font_size=&#8220;40px&#8220; header_2_line_height=&#8220;1.4em&#8220; header_4_font=&#8220;|600|||||||&#8220; header_4_line_height=&#8220;1.4em&#8220; header_2_font_size_tablet=&#8220;&#8220; header_2_font_size_phone=&#8220;24px&#8220; header_2_font_size_last_edited=&#8220;on|phone&#8220; global_colors_info=&#8220;{}&#8220;]<\/p>\n<h4><span style=\"color: #ffffff;\">Jahrelange Betreuung der Kunden und Projekte<\/span><\/h4>\n<p><span style=\"color: #ffffff;\">Der intensive und pers\u00f6nliche Kontakt ist uns sehr wichtig. Daher sind wir sehr stolz darauf, viele unserer Kunden auch noch nach vielen Jahren zu Betreuen.<\/span><\/p>\n<p>[\/et_pb_text][\/et_pb_column][\/et_pb_row][\/et_pb_section]<\/p>\n","protected":false},"excerpt":{"rendered":"<p>Abwasserbehandlung Planung und Beratungsleistungen fu\u0308r internationale Projekte\u00a0mit Spezialkenntnissen im Bereich konventionelle Technologien,\u00a0Lagunen, SBR, MBR, physikalisch-chemische Behandlung RO,\u00a0anaerobe Technologien, Filtration, Schlammbehandlung \u2022\u00a0Design Studien, Kostenanalysen, Variantenvergleiche \u2022\u00a0Projektrevisionen f\u00fcr Verfahrenstechnik \u2022\u00a0Prozessoptimierungen \u2022\u00a0Problemanalyse und Behebungen vor Ort \u2022\u00a0hydraulische Berechnungen und Modelle \u2022\u00a0Tender- und Anbotsausarbeitung (z.B. FIDIC) \u00a0Was Sie von uns erwarten k\u00f6nnenArbeit erfolgt fach\u00fcbergreifend und praxisorientiert Arbeit in den [&hellip;]<\/p>\n","protected":false},"author":1,"featured_media":0,"parent":0,"menu_order":0,"comment_status":"closed","ping_status":"closed","template":"","meta":{"_et_pb_use_builder":"on","_et_pb_old_content":"","_et_gb_content_width":"","footnotes":""},"class_list":["post-948","page","type-page","status-publish","hentry"],"_links":{"self":[{"href":"https:\/\/nwtechnology.at\/en\/wp-json\/wp\/v2\/pages\/948","targetHints":{"allow":["GET"]}}],"collection":[{"href":"https:\/\/nwtechnology.at\/en\/wp-json\/wp\/v2\/pages"}],"about":[{"href":"https:\/\/nwtechnology.at\/en\/wp-json\/wp\/v2\/types\/page"}],"author":[{"embeddable":true,"href":"https:\/\/nwtechnology.at\/en\/wp-json\/wp\/v2\/users\/1"}],"replies":[{"embeddable":true,"href":"https:\/\/nwtechnology.at\/en\/wp-json\/wp\/v2\/comments?post=948"}],"version-history":[{"count":10,"href":"https:\/\/nwtechnology.at\/en\/wp-json\/wp\/v2\/pages\/948\/revisions"}],"predecessor-version":[{"id":288022,"href":"https:\/\/nwtechnology.at\/en\/wp-json\/wp\/v2\/pages\/948\/revisions\/288022"}],"wp:attachment":[{"href":"https:\/\/nwtechnology.at\/en\/wp-json\/wp\/v2\/media?parent=948"}],"curies":[{"name":"wp","href":"https:\/\/api.w.org\/{rel}","templated":true}]}}